{"id":2956,"date":"2019-03-15T11:28:14","date_gmt":"2019-03-15T10:28:14","guid":{"rendered":"https:\/\/www.neovitabeat.com\/?page_id=2956"},"modified":"2026-03-16T18:05:02","modified_gmt":"2026-03-16T17:05:02","slug":"blog-2","status":"publish","type":"page","link":"https:\/\/www.neovitabeat.com\/index.php\/blog-2\/","title":{"rendered":"BLOG"},"content":{"rendered":"\r\n\t\t<div class=\"lc_blog_masonry_container blog_container lc_swp_boxed swp_blog_scd_container\" data-gapwidth=\"60\" data-bricksonrow=\"3\">\r\n\t\t\t\t\t\t\t<article class=\"post_item lc_blog_masonry_brick no_thumbnail post-3120 post type-post status-publish format-standard hentry category-blog\">\r\n\t\t\t\t\t\r\n\t\t\t\t\t<div class=\"post_item_details no_thumbnail\">\r\n\t\t\t\t\t\t<div class=\"post_item_meta lc_post_meta masonry_post_meta lc_vibrant_color\">\r\n\t\t\t\t\t\t\t16 Ottobre 2019\t\t\t\t\t\t<\/div>\r\n\r\n\t\t\t\t\t\t<a href=\"https:\/\/www.neovitabeat.com\/index.php\/2019\/10\/16\/neovita-music-band-emergente-di-milano-in-gara-al-tour-music-fest-the-european-music-contest\/\">\r\n\t\t\t\t\t\t\t<h2 class=\"lc_post_title transition4 masonry_post_title\">\r\n\t\t\t\t\t\t\t\tNeovita Music, band emergente di Milano, in gara al Tour Music Fest \u2013 The European Music Contest.\t\t\t\t\t\t\t<\/h2>\r\n\t\t\t\t\t\t<\/a>\r\n\r\n\t\t\t\t\t\t<div class=\"lc_post_excerpt masonry_excerpt\">\r\n\t\t\t\t\t\t\t<p>Originale, talentuosa e sicuramente dal grande impatto sonoro, Neovita Music, con la sua musica originale e una grande determinazione, \u00e8 riuscita a convincere l\u2019esigente giuria del Tour Music Fest.<\/p>\t\t\t\t\t\t<\/div>\r\n\r\n\t\t\t\t\t\t<div class=\"masonry_read_more swp_slide_link\">\r\n\t\t\t\t\t\t\t<a href=\"https:\/\/www.neovitabeat.com\/index.php\/2019\/10\/16\/neovita-music-band-emergente-di-milano-in-gara-al-tour-music-fest-the-european-music-contest\/\" class=\"masonry_read_more\">\r\n\t\t\t\t\t\t\t\tRead more\t\t\t\t\t\t\t\t<span class=\"swp_before_right_arrow transition4\"><\/span><span class=\"swp_arrow swp_arrow_right\"><\/span>\r\n\t\t\t\t\t\t\t<\/a>\r\n\t\t\t\t\t\t<\/div>\r\n\t\t\t\t\t<\/div>\r\n\t\t\t\t<\/article>\r\n\t\t\t\t\t\t\t\t<article class=\"post_item lc_blog_masonry_brick no_thumbnail post-3059 post type-post status-publish format-standard hentry category-blog\">\r\n\t\t\t\t\t\r\n\t\t\t\t\t<div class=\"post_item_details no_thumbnail\">\r\n\t\t\t\t\t\t<div class=\"post_item_meta lc_post_meta masonry_post_meta lc_vibrant_color\">\r\n\t\t\t\t\t\t\t2 Maggio 2019\t\t\t\t\t\t<\/div>\r\n\r\n\t\t\t\t\t\t<a href=\"https:\/\/www.neovitabeat.com\/index.php\/2019\/05\/02\/to-be-or-not-neovita-2\/\">\r\n\t\t\t\t\t\t\t<h2 class=\"lc_post_title transition4 masonry_post_title\">\r\n\t\t\t\t\t\t\t\tPer questo sono quel che sono\t\t\t\t\t\t\t<\/h2>\r\n\t\t\t\t\t\t<\/a>\r\n\r\n\t\t\t\t\t\t<div class=\"lc_post_excerpt masonry_excerpt\">\r\n\t\t\t\t\t\t\t<p>Ovviamente oggi, sono venuto alla conclusione, se si pu\u00f2 dire \u2026 Forse \u00e8 solo l\u2019inizio e non una conclusione, ma lo lascio detto, come riferimento personale, il fatto che gran parte della nostra sofferenza\u2026 sofferenza della nostra specie, voglio dire,...<\/p>\t\t\t\t\t\t<\/div>\r\n\r\n\t\t\t\t\t\t<div class=\"masonry_read_more swp_slide_link\">\r\n\t\t\t\t\t\t\t<a href=\"https:\/\/www.neovitabeat.com\/index.php\/2019\/05\/02\/to-be-or-not-neovita-2\/\" class=\"masonry_read_more\">\r\n\t\t\t\t\t\t\t\tRead more\t\t\t\t\t\t\t\t<span class=\"swp_before_right_arrow transition4\"><\/span><span class=\"swp_arrow swp_arrow_right\"><\/span>\r\n\t\t\t\t\t\t\t<\/a>\r\n\t\t\t\t\t\t<\/div>\r\n\t\t\t\t\t<\/div>\r\n\t\t\t\t<\/article>\r\n\t\t\t\t\t\t\t\t<article class=\"post_item lc_blog_masonry_brick no_thumbnail post-3053 post type-post status-publish format-standard hentry category-blog\">\r\n\t\t\t\t\t\r\n\t\t\t\t\t<div class=\"post_item_details no_thumbnail\">\r\n\t\t\t\t\t\t<div class=\"post_item_meta lc_post_meta masonry_post_meta lc_vibrant_color\">\r\n\t\t\t\t\t\t\t2 Maggio 2019\t\t\t\t\t\t<\/div>\r\n\r\n\t\t\t\t\t\t<a href=\"https:\/\/www.neovitabeat.com\/index.php\/2019\/05\/02\/to-be-or-not-neovita\/\">\r\n\t\t\t\t\t\t\t<h2 class=\"lc_post_title transition4 masonry_post_title\">\r\n\t\t\t\t\t\t\t\tTo be or not &#8230; neovita\t\t\t\t\t\t\t<\/h2>\r\n\t\t\t\t\t\t<\/a>\r\n\r\n\t\t\t\t\t\t<div class=\"lc_post_excerpt masonry_excerpt\">\r\n\t\t\t\t\t\t\t<p>La verit\u00e0 \u00e8 che siamo e non siamo allo stesso tempo (sguazza nella tomba Shakespeare!) noi siamo l\u2019immagine speculare di Dio (non parlo in senso religioso), e come lui \u00e8 e non \u00e8 (anche se sempre \u00e8), secondo la nostra...<\/p>\t\t\t\t\t\t<\/div>\r\n\r\n\t\t\t\t\t\t<div class=\"masonry_read_more swp_slide_link\">\r\n\t\t\t\t\t\t\t<a href=\"https:\/\/www.neovitabeat.com\/index.php\/2019\/05\/02\/to-be-or-not-neovita\/\" class=\"masonry_read_more\">\r\n\t\t\t\t\t\t\t\tRead more\t\t\t\t\t\t\t\t<span class=\"swp_before_right_arrow transition4\"><\/span><span class=\"swp_arrow swp_arrow_right\"><\/span>\r\n\t\t\t\t\t\t\t<\/a>\r\n\t\t\t\t\t\t<\/div>\r\n\t\t\t\t\t<\/div>\r\n\t\t\t\t<\/article>\r\n\t\t\t\t\t\t<\/div>\r\n\r\n\t\r\n\t\n","protected":false},"excerpt":{"rendered":"","protected":false},"author":1,"featured_media":0,"parent":0,"menu_order":0,"comment_status":"closed","ping_status":"closed","template":"","meta":{"footnotes":""},"class_list":["post-2956","page","type-page","status-publish","hentry"],"_links":{"self":[{"href":"https:\/\/www.neovitabeat.com\/index.php\/wp-json\/wp\/v2\/pages\/2956","targetHints":{"allow":["GET"]}}],"collection":[{"href":"https:\/\/www.neovitabeat.com\/index.php\/wp-json\/wp\/v2\/pages"}],"about":[{"href":"https:\/\/www.neovitabeat.com\/index.php\/wp-json\/wp\/v2\/types\/page"}],"author":[{"embeddable":true,"href":"https:\/\/www.neovitabeat.com\/index.php\/wp-json\/wp\/v2\/users\/1"}],"replies":[{"embeddable":true,"href":"https:\/\/www.neovitabeat.com\/index.php\/wp-json\/wp\/v2\/comments?post=2956"}],"version-history":[{"count":4,"href":"https:\/\/www.neovitabeat.com\/index.php\/wp-json\/wp\/v2\/pages\/2956\/revisions"}],"predecessor-version":[{"id":3150,"href":"https:\/\/www.neovitabeat.com\/index.php\/wp-json\/wp\/v2\/pages\/2956\/revisions\/3150"}],"wp:attachment":[{"href":"https:\/\/www.neovitabeat.com\/index.php\/wp-json\/wp\/v2\/media?parent=2956"}],"curies":[{"name":"wp","href":"https:\/\/api.w.org\/{rel}","templated":true}]}}